{"id":9676,"date":"2022-12-19T11:03:26","date_gmt":"2022-12-19T10:03:26","guid":{"rendered":"https:\/\/www.vannerie.com\/pro\/boutique\/non%20class\u00e9\/tour-4-niveaux-structure-metal-epoxy\/"},"modified":"2024-02-29T16:16:17","modified_gmt":"2024-02-29T15:16:17","slug":"tour-4-niveaux-structure-metal-epoxy","status":"publish","type":"product","link":"https:\/\/www.vannerie.com\/pro\/boutique\/professionnel\/boulangerie-traditionnelle\/presentation-viennoiserie-pains-speciaux\/tour-4-niveaux-structure-metal-epoxy\/","title":{"rendered":"Tour 4 niveaux Structure m\u00e9tal Epoxy"},"content":{"rendered":"<p>Tour \u00e0 viennoiserie\/Mini viennoiserie avec 3 \u00e0 4 plateaux rotatifs de diam\u00e8tre 30cm.<\/p>\n<p>Facilement d\u00e9montable et nettoyable.<\/p>\n<p>Dimensions disponibles :<\/p>\n<ul>\n<li>H.50 cm &#8211; 3 plateaux de diam\u00e8tre 30 cm<\/li>\n<li>H.65 cm &#8211; 4 plateaux de diam\u00e8tre 30 cm<\/li>\n<\/ul>\n","protected":false},"excerpt":{"rendered":"<p>Tour \u00e0 viennoiserie\/Mini viennoiserie avec 3 \u00e0 4 plateaux rotatifs de diam\u00e8tre 30cm. Facilement d\u00e9montable et nettoyable. Dimensions disponibles : H.50 cm &#8211; 3 plateaux de diam\u00e8tre 30 cm H.65 cm &#8211; 4 plateaux de diam\u00e8tre 30 cm<\/p>\n","protected":false},"featured_media":4171,"template":"","meta":{"_acf_changed":false},"product_brand":[],"product_cat":[45,43,47,48,42],"product_tag":[],"class_list":{"0":"post-9676","1":"product","2":"type-product","3":"status-publish","4":"has-post-thumbnail","6":"product_cat-boulangerie-traditionnelle","7":"product_cat-hotellerie-restauration","8":"product_cat-presentation-buffets-petits-dejeuner-dejeuner-traiteur-viennoiserie-sandwiches","9":"product_cat-presentation-viennoiserie-pains-speciaux","10":"product_cat-professionnel","12":"first","13":"instock","14":"taxable","15":"shipping-taxable","16":"purchasable","17":"product-type-variable","18":"has-default-attributes"},"acf":[],"yoast_head":"<!-- This site is optimized with the Yoast SEO plugin v26.9 - https:\/\/yoast.com\/product\/yoast-seo-wordpress\/ -->\n<title>Tour 4 niveaux Structure m\u00e9tal Epoxy - Vannerie Pro<\/title>\n<meta name=\"description\" content=\"Tour de pr\u00e9sentation osier et m\u00e9tal - hyper stable - plateaux rotatifs - Fabrication fran\u00e7aise depuis 1849 - Vannerie de Villaines\" \/>\n<meta name=\"robots\" content=\"index, follow, max-snippet:-1, max-image-preview:large, max-video-preview:-1\" \/>\n<link rel=\"canonical\" href=\"https:\/\/www.vannerie.com\/pro\/boutique\/professionnel\/boulangerie-traditionnelle\/presentation-viennoiserie-pains-speciaux\/tour-4-niveaux-structure-metal-epoxy\/\" \/>\n<meta property=\"og:locale\" content=\"fr_FR\" \/>\n<meta property=\"og:type\" content=\"article\" \/>\n<meta property=\"og:title\" content=\"Tour 4 niveaux Structure m\u00e9tal Epoxy - Vannerie Pro\" \/>\n<meta property=\"og:description\" content=\"Tour de pr\u00e9sentation osier et m\u00e9tal - hyper stable - plateaux rotatifs - Fabrication fran\u00e7aise depuis 1849 - Vannerie de Villaines\" \/>\n<meta property=\"og:url\" content=\"https:\/\/www.vannerie.com\/pro\/boutique\/professionnel\/boulangerie-traditionnelle\/presentation-viennoiserie-pains-speciaux\/tour-4-niveaux-structure-metal-epoxy\/\" \/>\n<meta property=\"og:site_name\" content=\"Vannerie Pro\" \/>\n<meta property=\"article:modified_time\" content=\"2024-02-29T15:16:17+00:00\" \/>\n<meta property=\"og:image\" content=\"https:\/\/www.vannerie.com\/pro\/wp-content\/uploads\/sites\/4\/2023\/02\/1013_201601141207261013-2.jpg\" \/>\n\t<meta property=\"og:image:width\" content=\"299\" \/>\n\t<meta property=\"og:image:height\" content=\"370\" \/>\n\t<meta property=\"og:image:type\" content=\"image\/jpeg\" \/>\n<meta name=\"twitter:card\" content=\"summary_large_image\" \/>\n<meta name=\"twitter:label1\" content=\"Dur\u00e9e de lecture estim\u00e9e\" \/>\n\t<meta name=\"twitter:data1\" content=\"1 minute\" \/>\n<script type=\"application\/ld+json\" class=\"yoast-schema-graph\">{\"@context\":\"https:\/\/schema.org\",\"@graph\":[{\"@type\":\"WebPage\",\"@id\":\"https:\/\/www.vannerie.com\/pro\/boutique\/professionnel\/boulangerie-traditionnelle\/presentation-viennoiserie-pains-speciaux\/tour-4-niveaux-structure-metal-epoxy\/\",\"url\":\"https:\/\/www.vannerie.com\/pro\/boutique\/professionnel\/boulangerie-traditionnelle\/presentation-viennoiserie-pains-speciaux\/tour-4-niveaux-structure-metal-epoxy\/\",\"name\":\"Tour 4 niveaux Structure m\u00e9tal Epoxy - Vannerie Pro\",\"isPartOf\":{\"@id\":\"http:\/\/vannerie.com\/pro\/#website\"},\"primaryImageOfPage\":{\"@id\":\"https:\/\/www.vannerie.com\/pro\/boutique\/professionnel\/boulangerie-traditionnelle\/presentation-viennoiserie-pains-speciaux\/tour-4-niveaux-structure-metal-epoxy\/#primaryimage\"},\"image\":{\"@id\":\"https:\/\/www.vannerie.com\/pro\/boutique\/professionnel\/boulangerie-traditionnelle\/presentation-viennoiserie-pains-speciaux\/tour-4-niveaux-structure-metal-epoxy\/#primaryimage\"},\"thumbnailUrl\":\"https:\/\/www.vannerie.com\/pro\/wp-content\/uploads\/sites\/4\/2023\/02\/1013_201601141207261013-2.jpg\",\"datePublished\":\"2022-12-19T10:03:26+00:00\",\"dateModified\":\"2024-02-29T15:16:17+00:00\",\"description\":\"Tour de pr\u00e9sentation osier et m\u00e9tal - hyper stable - plateaux rotatifs - Fabrication fran\u00e7aise depuis 1849 - Vannerie de Villaines\",\"breadcrumb\":{\"@id\":\"https:\/\/www.vannerie.com\/pro\/boutique\/professionnel\/boulangerie-traditionnelle\/presentation-viennoiserie-pains-speciaux\/tour-4-niveaux-structure-metal-epoxy\/#breadcrumb\"},\"inLanguage\":\"fr-FR\",\"potentialAction\":[{\"@type\":\"ReadAction\",\"target\":[\"https:\/\/www.vannerie.com\/pro\/boutique\/professionnel\/boulangerie-traditionnelle\/presentation-viennoiserie-pains-speciaux\/tour-4-niveaux-structure-metal-epoxy\/\"]}]},{\"@type\":\"ImageObject\",\"inLanguage\":\"fr-FR\",\"@id\":\"https:\/\/www.vannerie.com\/pro\/boutique\/professionnel\/boulangerie-traditionnelle\/presentation-viennoiserie-pains-speciaux\/tour-4-niveaux-structure-metal-epoxy\/#primaryimage\",\"url\":\"https:\/\/www.vannerie.com\/pro\/wp-content\/uploads\/sites\/4\/2023\/02\/1013_201601141207261013-2.jpg\",\"contentUrl\":\"https:\/\/www.vannerie.com\/pro\/wp-content\/uploads\/sites\/4\/2023\/02\/1013_201601141207261013-2.jpg\",\"width\":299,\"height\":370},{\"@type\":\"BreadcrumbList\",\"@id\":\"https:\/\/www.vannerie.com\/pro\/boutique\/professionnel\/boulangerie-traditionnelle\/presentation-viennoiserie-pains-speciaux\/tour-4-niveaux-structure-metal-epoxy\/#breadcrumb\",\"itemListElement\":[{\"@type\":\"ListItem\",\"position\":1,\"name\":\"Accueil\",\"item\":\"http:\/\/vannerie.com\/pro\/\"},{\"@type\":\"ListItem\",\"position\":2,\"name\":\"Boutique\",\"item\":\"http:\/\/vannerie.com\/pro\/boutique\/\"},{\"@type\":\"ListItem\",\"position\":3,\"name\":\"Tour 4 niveaux Structure m\u00e9tal Epoxy\"}]},{\"@type\":\"WebSite\",\"@id\":\"http:\/\/vannerie.com\/pro\/#website\",\"url\":\"http:\/\/vannerie.com\/pro\/\",\"name\":\"Vannerie Pro\",\"description\":\"Un site utilisant Les sites de Vannerie de Villaines-les-Rochers\",\"potentialAction\":[{\"@type\":\"SearchAction\",\"target\":{\"@type\":\"EntryPoint\",\"urlTemplate\":\"http:\/\/vannerie.com\/pro\/?s={search_term_string}\"},\"query-input\":{\"@type\":\"PropertyValueSpecification\",\"valueRequired\":true,\"valueName\":\"search_term_string\"}}],\"inLanguage\":\"fr-FR\"}]}<\/script>\n<!-- \/ Yoast SEO plugin. -->","yoast_head_json":{"title":"Tour 4 niveaux Structure m\u00e9tal Epoxy - Vannerie Pro","description":"Tour de pr\u00e9sentation osier et m\u00e9tal - hyper stable - plateaux rotatifs - Fabrication fran\u00e7aise depuis 1849 - Vannerie de Villaines","robots":{"index":"index","follow":"follow","max-snippet":"max-snippet:-1","max-image-preview":"max-image-preview:large","max-video-preview":"max-video-preview:-1"},"canonical":"https:\/\/www.vannerie.com\/pro\/boutique\/professionnel\/boulangerie-traditionnelle\/presentation-viennoiserie-pains-speciaux\/tour-4-niveaux-structure-metal-epoxy\/","og_locale":"fr_FR","og_type":"article","og_title":"Tour 4 niveaux Structure m\u00e9tal Epoxy - Vannerie Pro","og_description":"Tour de pr\u00e9sentation osier et m\u00e9tal - hyper stable - plateaux rotatifs - Fabrication fran\u00e7aise depuis 1849 - Vannerie de Villaines","og_url":"https:\/\/www.vannerie.com\/pro\/boutique\/professionnel\/boulangerie-traditionnelle\/presentation-viennoiserie-pains-speciaux\/tour-4-niveaux-structure-metal-epoxy\/","og_site_name":"Vannerie Pro","article_modified_time":"2024-02-29T15:16:17+00:00","og_image":[{"width":299,"height":370,"url":"https:\/\/www.vannerie.com\/pro\/wp-content\/uploads\/sites\/4\/2023\/02\/1013_201601141207261013-2.jpg","type":"image\/jpeg"}],"twitter_card":"summary_large_image","twitter_misc":{"Dur\u00e9e de lecture estim\u00e9e":"1 minute"},"schema":{"@context":"https:\/\/schema.org","@graph":[{"@type":"WebPage","@id":"https:\/\/www.vannerie.com\/pro\/boutique\/professionnel\/boulangerie-traditionnelle\/presentation-viennoiserie-pains-speciaux\/tour-4-niveaux-structure-metal-epoxy\/","url":"https:\/\/www.vannerie.com\/pro\/boutique\/professionnel\/boulangerie-traditionnelle\/presentation-viennoiserie-pains-speciaux\/tour-4-niveaux-structure-metal-epoxy\/","name":"Tour 4 niveaux Structure m\u00e9tal Epoxy - Vannerie Pro","isPartOf":{"@id":"http:\/\/vannerie.com\/pro\/#website"},"primaryImageOfPage":{"@id":"https:\/\/www.vannerie.com\/pro\/boutique\/professionnel\/boulangerie-traditionnelle\/presentation-viennoiserie-pains-speciaux\/tour-4-niveaux-structure-metal-epoxy\/#primaryimage"},"image":{"@id":"https:\/\/www.vannerie.com\/pro\/boutique\/professionnel\/boulangerie-traditionnelle\/presentation-viennoiserie-pains-speciaux\/tour-4-niveaux-structure-metal-epoxy\/#primaryimage"},"thumbnailUrl":"https:\/\/www.vannerie.com\/pro\/wp-content\/uploads\/sites\/4\/2023\/02\/1013_201601141207261013-2.jpg","datePublished":"2022-12-19T10:03:26+00:00","dateModified":"2024-02-29T15:16:17+00:00","description":"Tour de pr\u00e9sentation osier et m\u00e9tal - hyper stable - plateaux rotatifs - Fabrication fran\u00e7aise depuis 1849 - Vannerie de Villaines","breadcrumb":{"@id":"https:\/\/www.vannerie.com\/pro\/boutique\/professionnel\/boulangerie-traditionnelle\/presentation-viennoiserie-pains-speciaux\/tour-4-niveaux-structure-metal-epoxy\/#breadcrumb"},"inLanguage":"fr-FR","potentialAction":[{"@type":"ReadAction","target":["https:\/\/www.vannerie.com\/pro\/boutique\/professionnel\/boulangerie-traditionnelle\/presentation-viennoiserie-pains-speciaux\/tour-4-niveaux-structure-metal-epoxy\/"]}]},{"@type":"ImageObject","inLanguage":"fr-FR","@id":"https:\/\/www.vannerie.com\/pro\/boutique\/professionnel\/boulangerie-traditionnelle\/presentation-viennoiserie-pains-speciaux\/tour-4-niveaux-structure-metal-epoxy\/#primaryimage","url":"https:\/\/www.vannerie.com\/pro\/wp-content\/uploads\/sites\/4\/2023\/02\/1013_201601141207261013-2.jpg","contentUrl":"https:\/\/www.vannerie.com\/pro\/wp-content\/uploads\/sites\/4\/2023\/02\/1013_201601141207261013-2.jpg","width":299,"height":370},{"@type":"BreadcrumbList","@id":"https:\/\/www.vannerie.com\/pro\/boutique\/professionnel\/boulangerie-traditionnelle\/presentation-viennoiserie-pains-speciaux\/tour-4-niveaux-structure-metal-epoxy\/#breadcrumb","itemListElement":[{"@type":"ListItem","position":1,"name":"Accueil","item":"http:\/\/vannerie.com\/pro\/"},{"@type":"ListItem","position":2,"name":"Boutique","item":"http:\/\/vannerie.com\/pro\/boutique\/"},{"@type":"ListItem","position":3,"name":"Tour 4 niveaux Structure m\u00e9tal Epoxy"}]},{"@type":"WebSite","@id":"http:\/\/vannerie.com\/pro\/#website","url":"http:\/\/vannerie.com\/pro\/","name":"Vannerie Pro","description":"Un site utilisant Les sites de Vannerie de Villaines-les-Rochers","potentialAction":[{"@type":"SearchAction","target":{"@type":"EntryPoint","urlTemplate":"http:\/\/vannerie.com\/pro\/?s={search_term_string}"},"query-input":{"@type":"PropertyValueSpecification","valueRequired":true,"valueName":"search_term_string"}}],"inLanguage":"fr-FR"}]}},"_links":{"self":[{"href":"https:\/\/www.vannerie.com\/pro\/wp-json\/wp\/v2\/product\/9676","targetHints":{"allow":["GET"]}}],"collection":[{"href":"https:\/\/www.vannerie.com\/pro\/wp-json\/wp\/v2\/product"}],"about":[{"href":"https:\/\/www.vannerie.com\/pro\/wp-json\/wp\/v2\/types\/product"}],"wp:featuredmedia":[{"embeddable":true,"href":"https:\/\/www.vannerie.com\/pro\/wp-json\/wp\/v2\/media\/4171"}],"wp:attachment":[{"href":"https:\/\/www.vannerie.com\/pro\/wp-json\/wp\/v2\/media?parent=9676"}],"wp:term":[{"taxonomy":"product_brand","embeddable":true,"href":"https:\/\/www.vannerie.com\/pro\/wp-json\/wp\/v2\/product_brand?post=9676"},{"taxonomy":"product_cat","embeddable":true,"href":"https:\/\/www.vannerie.com\/pro\/wp-json\/wp\/v2\/product_cat?post=9676"},{"taxonomy":"product_tag","embeddable":true,"href":"https:\/\/www.vannerie.com\/pro\/wp-json\/wp\/v2\/product_tag?post=9676"}],"curies":[{"name":"wp","href":"https:\/\/api.w.org\/{rel}","templated":true}]}}