{"id":9673,"date":"2022-12-19T11:03:26","date_gmt":"2022-12-19T10:03:26","guid":{"rendered":"https:\/\/www.vannerie.com\/pro\/boutique\/non%20class\u00e9\/grande-glaneuse-sur-pied\/"},"modified":"2024-02-29T16:39:46","modified_gmt":"2024-02-29T15:39:46","slug":"grande-glaneuse-sur-pied","status":"publish","type":"product","link":"https:\/\/www.vannerie.com\/pro\/boutique\/professionnel\/boulangerie-gms\/mobilier-boulangerie-gms\/grande-glaneuse-sur-pied\/","title":{"rendered":"Grande glaneuse sur pied"},"content":{"rendered":"<p>Grande glaneuse sur pied avec anse<\/p>\n<p>Renforc\u00e9e d&rsquo;une croix en bois dans le pied pour support de lourdes charges<\/p>\n<p>Dimensions disponibles :<\/p>\n<ul>\n<li>120 x 80 x 160 cm<\/li>\n<li><span data-sheets-formula-bar-text-style=\"font-size:13px;color:#000000;font-weight:normal;text-decoration:none;font-family:'Arial';font-style:normal;text-decoration-skip-ink:none;\">80 x 50 x 130 cm<\/span><\/li>\n<\/ul>\n","protected":false},"excerpt":{"rendered":"<p>Grande glaneuse sur pied avec anse Renforc\u00e9e d&rsquo;une croix en bois dans le pied pour support de lourdes charges Dimensions disponibles : 120 x 80 x 160 cm 80 x 50 x 130 cm<\/p>\n","protected":false},"featured_media":3180,"template":"","meta":{"_acf_changed":false},"product_brand":[],"product_cat":[58,57,59,42,56],"product_tag":[],"class_list":{"0":"post-9673","1":"product","2":"type-product","3":"status-publish","4":"has-post-thumbnail","6":"product_cat-boulangerie-gms","7":"product_cat-mobilier-salaison","8":"product_cat-mobilier-boulangerie-gms","9":"product_cat-professionnel","10":"product_cat-salaison","12":"first","13":"instock","14":"taxable","15":"shipping-taxable","16":"purchasable","17":"product-type-variable","18":"has-default-attributes"},"acf":[],"yoast_head":"<!-- This site is optimized with the Yoast SEO plugin v26.9 - https:\/\/yoast.com\/product\/yoast-seo-wordpress\/ -->\n<title>Grande glaneuse sur pied - Vannerie Pro<\/title>\n<meta name=\"description\" content=\"Grande corbeille osier sur pied pour th\u00e9\u00e2tralisation sur PDV renforc\u00e9e d&#039;un socle en bois dans le pied pour supporter de grosses charges - Made in France\" \/>\n<meta name=\"robots\" content=\"index, follow, max-snippet:-1, max-image-preview:large, max-video-preview:-1\" \/>\n<link rel=\"canonical\" href=\"https:\/\/www.vannerie.com\/pro\/boutique\/professionnel\/boulangerie-gms\/mobilier-boulangerie-gms\/grande-glaneuse-sur-pied\/\" \/>\n<meta property=\"og:locale\" content=\"fr_FR\" \/>\n<meta property=\"og:type\" content=\"article\" \/>\n<meta property=\"og:title\" content=\"Grande glaneuse sur pied - Vannerie Pro\" \/>\n<meta property=\"og:description\" content=\"Grande corbeille osier sur pied pour th\u00e9\u00e2tralisation sur PDV renforc\u00e9e d&#039;un socle en bois dans le pied pour supporter de grosses charges - Made in France\" \/>\n<meta property=\"og:url\" content=\"https:\/\/www.vannerie.com\/pro\/boutique\/professionnel\/boulangerie-gms\/mobilier-boulangerie-gms\/grande-glaneuse-sur-pied\/\" \/>\n<meta property=\"og:site_name\" content=\"Vannerie Pro\" \/>\n<meta property=\"article:modified_time\" content=\"2024-02-29T15:39:46+00:00\" \/>\n<meta property=\"og:image\" content=\"https:\/\/www.vannerie.com\/pro\/wp-content\/uploads\/sites\/4\/2023\/02\/986_20160114120725986-2.jpg\" \/>\n\t<meta property=\"og:image:width\" content=\"271\" \/>\n\t<meta property=\"og:image:height\" content=\"370\" \/>\n\t<meta property=\"og:image:type\" content=\"image\/jpeg\" \/>\n<meta name=\"twitter:card\" content=\"summary_large_image\" \/>\n<meta name=\"twitter:label1\" content=\"Dur\u00e9e de lecture estim\u00e9e\" \/>\n\t<meta name=\"twitter:data1\" content=\"1 minute\" \/>\n<script type=\"application\/ld+json\" class=\"yoast-schema-graph\">{\"@context\":\"https:\/\/schema.org\",\"@graph\":[{\"@type\":\"WebPage\",\"@id\":\"https:\/\/www.vannerie.com\/pro\/boutique\/professionnel\/boulangerie-gms\/mobilier-boulangerie-gms\/grande-glaneuse-sur-pied\/\",\"url\":\"https:\/\/www.vannerie.com\/pro\/boutique\/professionnel\/boulangerie-gms\/mobilier-boulangerie-gms\/grande-glaneuse-sur-pied\/\",\"name\":\"Grande glaneuse sur pied - Vannerie Pro\",\"isPartOf\":{\"@id\":\"http:\/\/vannerie.com\/pro\/#website\"},\"primaryImageOfPage\":{\"@id\":\"https:\/\/www.vannerie.com\/pro\/boutique\/professionnel\/boulangerie-gms\/mobilier-boulangerie-gms\/grande-glaneuse-sur-pied\/#primaryimage\"},\"image\":{\"@id\":\"https:\/\/www.vannerie.com\/pro\/boutique\/professionnel\/boulangerie-gms\/mobilier-boulangerie-gms\/grande-glaneuse-sur-pied\/#primaryimage\"},\"thumbnailUrl\":\"https:\/\/www.vannerie.com\/pro\/wp-content\/uploads\/sites\/4\/2023\/02\/986_20160114120725986-2.jpg\",\"datePublished\":\"2022-12-19T10:03:26+00:00\",\"dateModified\":\"2024-02-29T15:39:46+00:00\",\"description\":\"Grande corbeille osier sur pied pour th\u00e9\u00e2tralisation sur PDV renforc\u00e9e d'un socle en bois dans le pied pour supporter de grosses charges - Made in France\",\"breadcrumb\":{\"@id\":\"https:\/\/www.vannerie.com\/pro\/boutique\/professionnel\/boulangerie-gms\/mobilier-boulangerie-gms\/grande-glaneuse-sur-pied\/#breadcrumb\"},\"inLanguage\":\"fr-FR\",\"potentialAction\":[{\"@type\":\"ReadAction\",\"target\":[\"https:\/\/www.vannerie.com\/pro\/boutique\/professionnel\/boulangerie-gms\/mobilier-boulangerie-gms\/grande-glaneuse-sur-pied\/\"]}]},{\"@type\":\"ImageObject\",\"inLanguage\":\"fr-FR\",\"@id\":\"https:\/\/www.vannerie.com\/pro\/boutique\/professionnel\/boulangerie-gms\/mobilier-boulangerie-gms\/grande-glaneuse-sur-pied\/#primaryimage\",\"url\":\"https:\/\/www.vannerie.com\/pro\/wp-content\/uploads\/sites\/4\/2023\/02\/986_20160114120725986-2.jpg\",\"contentUrl\":\"https:\/\/www.vannerie.com\/pro\/wp-content\/uploads\/sites\/4\/2023\/02\/986_20160114120725986-2.jpg\",\"width\":271,\"height\":370},{\"@type\":\"BreadcrumbList\",\"@id\":\"https:\/\/www.vannerie.com\/pro\/boutique\/professionnel\/boulangerie-gms\/mobilier-boulangerie-gms\/grande-glaneuse-sur-pied\/#breadcrumb\",\"itemListElement\":[{\"@type\":\"ListItem\",\"position\":1,\"name\":\"Accueil\",\"item\":\"http:\/\/vannerie.com\/pro\/\"},{\"@type\":\"ListItem\",\"position\":2,\"name\":\"Boutique\",\"item\":\"http:\/\/vannerie.com\/pro\/boutique\/\"},{\"@type\":\"ListItem\",\"position\":3,\"name\":\"Grande glaneuse sur pied\"}]},{\"@type\":\"WebSite\",\"@id\":\"http:\/\/vannerie.com\/pro\/#website\",\"url\":\"http:\/\/vannerie.com\/pro\/\",\"name\":\"Vannerie Pro\",\"description\":\"Un site utilisant Les sites de Vannerie de Villaines-les-Rochers\",\"potentialAction\":[{\"@type\":\"SearchAction\",\"target\":{\"@type\":\"EntryPoint\",\"urlTemplate\":\"http:\/\/vannerie.com\/pro\/?s={search_term_string}\"},\"query-input\":{\"@type\":\"PropertyValueSpecification\",\"valueRequired\":true,\"valueName\":\"search_term_string\"}}],\"inLanguage\":\"fr-FR\"}]}<\/script>\n<!-- \/ Yoast SEO plugin. -->","yoast_head_json":{"title":"Grande glaneuse sur pied - Vannerie Pro","description":"Grande corbeille osier sur pied pour th\u00e9\u00e2tralisation sur PDV renforc\u00e9e d'un socle en bois dans le pied pour supporter de grosses charges - Made in France","robots":{"index":"index","follow":"follow","max-snippet":"max-snippet:-1","max-image-preview":"max-image-preview:large","max-video-preview":"max-video-preview:-1"},"canonical":"https:\/\/www.vannerie.com\/pro\/boutique\/professionnel\/boulangerie-gms\/mobilier-boulangerie-gms\/grande-glaneuse-sur-pied\/","og_locale":"fr_FR","og_type":"article","og_title":"Grande glaneuse sur pied - Vannerie Pro","og_description":"Grande corbeille osier sur pied pour th\u00e9\u00e2tralisation sur PDV renforc\u00e9e d'un socle en bois dans le pied pour supporter de grosses charges - Made in France","og_url":"https:\/\/www.vannerie.com\/pro\/boutique\/professionnel\/boulangerie-gms\/mobilier-boulangerie-gms\/grande-glaneuse-sur-pied\/","og_site_name":"Vannerie Pro","article_modified_time":"2024-02-29T15:39:46+00:00","og_image":[{"width":271,"height":370,"url":"https:\/\/www.vannerie.com\/pro\/wp-content\/uploads\/sites\/4\/2023\/02\/986_20160114120725986-2.jpg","type":"image\/jpeg"}],"twitter_card":"summary_large_image","twitter_misc":{"Dur\u00e9e de lecture estim\u00e9e":"1 minute"},"schema":{"@context":"https:\/\/schema.org","@graph":[{"@type":"WebPage","@id":"https:\/\/www.vannerie.com\/pro\/boutique\/professionnel\/boulangerie-gms\/mobilier-boulangerie-gms\/grande-glaneuse-sur-pied\/","url":"https:\/\/www.vannerie.com\/pro\/boutique\/professionnel\/boulangerie-gms\/mobilier-boulangerie-gms\/grande-glaneuse-sur-pied\/","name":"Grande glaneuse sur pied - Vannerie Pro","isPartOf":{"@id":"http:\/\/vannerie.com\/pro\/#website"},"primaryImageOfPage":{"@id":"https:\/\/www.vannerie.com\/pro\/boutique\/professionnel\/boulangerie-gms\/mobilier-boulangerie-gms\/grande-glaneuse-sur-pied\/#primaryimage"},"image":{"@id":"https:\/\/www.vannerie.com\/pro\/boutique\/professionnel\/boulangerie-gms\/mobilier-boulangerie-gms\/grande-glaneuse-sur-pied\/#primaryimage"},"thumbnailUrl":"https:\/\/www.vannerie.com\/pro\/wp-content\/uploads\/sites\/4\/2023\/02\/986_20160114120725986-2.jpg","datePublished":"2022-12-19T10:03:26+00:00","dateModified":"2024-02-29T15:39:46+00:00","description":"Grande corbeille osier sur pied pour th\u00e9\u00e2tralisation sur PDV renforc\u00e9e d'un socle en bois dans le pied pour supporter de grosses charges - Made in France","breadcrumb":{"@id":"https:\/\/www.vannerie.com\/pro\/boutique\/professionnel\/boulangerie-gms\/mobilier-boulangerie-gms\/grande-glaneuse-sur-pied\/#breadcrumb"},"inLanguage":"fr-FR","potentialAction":[{"@type":"ReadAction","target":["https:\/\/www.vannerie.com\/pro\/boutique\/professionnel\/boulangerie-gms\/mobilier-boulangerie-gms\/grande-glaneuse-sur-pied\/"]}]},{"@type":"ImageObject","inLanguage":"fr-FR","@id":"https:\/\/www.vannerie.com\/pro\/boutique\/professionnel\/boulangerie-gms\/mobilier-boulangerie-gms\/grande-glaneuse-sur-pied\/#primaryimage","url":"https:\/\/www.vannerie.com\/pro\/wp-content\/uploads\/sites\/4\/2023\/02\/986_20160114120725986-2.jpg","contentUrl":"https:\/\/www.vannerie.com\/pro\/wp-content\/uploads\/sites\/4\/2023\/02\/986_20160114120725986-2.jpg","width":271,"height":370},{"@type":"BreadcrumbList","@id":"https:\/\/www.vannerie.com\/pro\/boutique\/professionnel\/boulangerie-gms\/mobilier-boulangerie-gms\/grande-glaneuse-sur-pied\/#breadcrumb","itemListElement":[{"@type":"ListItem","position":1,"name":"Accueil","item":"http:\/\/vannerie.com\/pro\/"},{"@type":"ListItem","position":2,"name":"Boutique","item":"http:\/\/vannerie.com\/pro\/boutique\/"},{"@type":"ListItem","position":3,"name":"Grande glaneuse sur pied"}]},{"@type":"WebSite","@id":"http:\/\/vannerie.com\/pro\/#website","url":"http:\/\/vannerie.com\/pro\/","name":"Vannerie Pro","description":"Un site utilisant Les sites de Vannerie de Villaines-les-Rochers","potentialAction":[{"@type":"SearchAction","target":{"@type":"EntryPoint","urlTemplate":"http:\/\/vannerie.com\/pro\/?s={search_term_string}"},"query-input":{"@type":"PropertyValueSpecification","valueRequired":true,"valueName":"search_term_string"}}],"inLanguage":"fr-FR"}]}},"_links":{"self":[{"href":"https:\/\/www.vannerie.com\/pro\/wp-json\/wp\/v2\/product\/9673","targetHints":{"allow":["GET"]}}],"collection":[{"href":"https:\/\/www.vannerie.com\/pro\/wp-json\/wp\/v2\/product"}],"about":[{"href":"https:\/\/www.vannerie.com\/pro\/wp-json\/wp\/v2\/types\/product"}],"wp:featuredmedia":[{"embeddable":true,"href":"https:\/\/www.vannerie.com\/pro\/wp-json\/wp\/v2\/media\/3180"}],"wp:attachment":[{"href":"https:\/\/www.vannerie.com\/pro\/wp-json\/wp\/v2\/media?parent=9673"}],"wp:term":[{"taxonomy":"product_brand","embeddable":true,"href":"https:\/\/www.vannerie.com\/pro\/wp-json\/wp\/v2\/product_brand?post=9673"},{"taxonomy":"product_cat","embeddable":true,"href":"https:\/\/www.vannerie.com\/pro\/wp-json\/wp\/v2\/product_cat?post=9673"},{"taxonomy":"product_tag","embeddable":true,"href":"https:\/\/www.vannerie.com\/pro\/wp-json\/wp\/v2\/product_tag?post=9673"}],"curies":[{"name":"wp","href":"https:\/\/api.w.org\/{rel}","templated":true}]}}