{"id":9548,"date":"2022-12-19T11:03:26","date_gmt":"2022-12-19T10:03:26","guid":{"rendered":"https:\/\/www.vannerie.com\/pro\/boutique\/non%20class\u00e9\/meuble-boulangerie-2-a-3-elements\/"},"modified":"2023-04-28T09:23:05","modified_gmt":"2023-04-28T07:23:05","slug":"meuble-boulangerie-2-a-3-elements","status":"publish","type":"product","link":"https:\/\/www.vannerie.com\/pro\/boutique\/professionnel\/boulangerie-traditionnelle\/mobilier\/meuble-boulangerie-2-a-3-elements\/","title":{"rendered":"Meuble Boulangerie 2 \u00e0 3 \u00e9lements"},"content":{"rendered":"<p>Meuble Boulangerie 2 \u00e0 3 \u00e9l\u00e9ments &#8211; structure en m\u00e9lamin\u00e9 et stratifi\u00e9 avec renfort des montants en acier galva &#8211; \u00c9tag\u00e8res r\u00e9glables en inclinaison et en hauteur &#8211; rebord et bandeau porte \u00e9tiquette en acier galva.<\/p>\n<p>Variations disponibles:<\/p>\n<ul>\n<li>Dimensions: 114 x 60 x 220. 2 pr\u00e9sentoirs \u00e0 pain debout osier 51x58x65 et 2 corb.\u00e0 pains sp\u00e9ciaux osier 51x58x8x15 &#8211; 2 corb. 51x58x40.<\/li>\n<li>Dimensions: 114 \u00d7 60 \u00d7 220. 2 pr\u00e9sentoirs \u00e0 pain debout osier 51x58x65 et 4 corb.\u00e0 pains sp\u00e9ciaux osier 51x58x8x15<\/li>\n<li>Dimensions: 164 x 60 x 220. 3 pr\u00e9sentoirs \u00e0 pain debout osier 51x58x65 et 3 corb.\u00e0 pains sp\u00e9ciaux osier 51x58x8x15 &#8211; 3 corb. 51x58x40.<\/li>\n<li>Dimensions: 164 \u00d7 60 \u00d7 220. 3 pr\u00e9sentoirs \u00e0 pain debout osier 51x58x65 et 6 corb.\u00e0 pains sp\u00e9ciaux osier 51x58x8x15<\/li>\n<\/ul>\n<p>Options disponibles:<\/p>\n<ul>\n<li>Joue de c\u00f4t\u00e9 Fuschia<\/li>\n<li>\u00c9clairage<\/li>\n<li>Coffres coulissants<\/li>\n<\/ul>\n<p>&nbsp;<\/p>\n","protected":false},"excerpt":{"rendered":"<p>Meuble Boulangerie 2 \u00e0 3 \u00e9l\u00e9ments &#8211; structure en m\u00e9lamin\u00e9 et stratifi\u00e9 avec renfort des montants en acier galva &#8211; \u00c9tag\u00e8res r\u00e9glables en inclinaison et en hauteur &#8211; rebord et bandeau porte \u00e9tiquette en acier galva. Variations disponibles: Dimensions: 114 x 60 x 220. 2 pr\u00e9sentoirs \u00e0 pain debout osier 51x58x65 et 2 corb.\u00e0 pains [&hellip;]<\/p>\n","protected":false},"featured_media":7262,"template":"","meta":{"_acf_changed":false},"product_brand":[],"product_cat":[45,46],"product_tag":[],"class_list":{"0":"post-9548","1":"product","2":"type-product","3":"status-publish","4":"has-post-thumbnail","6":"product_cat-boulangerie-traditionnelle","7":"product_cat-mobilier","9":"first","10":"instock","11":"taxable","12":"shipping-taxable","13":"purchasable","14":"product-type-variable","15":"has-default-attributes"},"acf":[],"yoast_head":"<!-- This site is optimized with the Yoast SEO plugin v26.9 - https:\/\/yoast.com\/product\/yoast-seo-wordpress\/ -->\n<title>Meuble Boulangerie 2 \u00e0 3 \u00e9lements - Vannerie Pro<\/title>\n<meta name=\"robots\" content=\"index, follow, max-snippet:-1, max-image-preview:large, max-video-preview:-1\" \/>\n<link rel=\"canonical\" href=\"http:\/\/vannerie.com\/pro\/boutique\/professionnel\/boulangerie-traditionnelle\/mobilier\/meuble-boulangerie-2-a-3-elements\/\" \/>\n<meta property=\"og:locale\" content=\"fr_FR\" \/>\n<meta property=\"og:type\" content=\"article\" \/>\n<meta property=\"og:title\" content=\"Meuble Boulangerie 2 \u00e0 3 \u00e9lements - Vannerie Pro\" \/>\n<meta property=\"og:description\" content=\"Meuble Boulangerie 2 \u00e0 3 \u00e9l\u00e9ments &#8211; structure en m\u00e9lamin\u00e9 et stratifi\u00e9 avec renfort des montants en acier galva &#8211; \u00c9tag\u00e8res r\u00e9glables en inclinaison et en hauteur &#8211; rebord et bandeau porte \u00e9tiquette en acier galva. Variations disponibles: Dimensions: 114 x 60 x 220. 2 pr\u00e9sentoirs \u00e0 pain debout osier 51x58x65 et 2 corb.\u00e0 pains [&hellip;]\" \/>\n<meta property=\"og:url\" content=\"http:\/\/vannerie.com\/pro\/boutique\/professionnel\/boulangerie-traditionnelle\/mobilier\/meuble-boulangerie-2-a-3-elements\/\" \/>\n<meta property=\"og:site_name\" content=\"Vannerie Pro\" \/>\n<meta property=\"article:modified_time\" content=\"2023-04-28T07:23:05+00:00\" \/>\n<meta property=\"og:image\" content=\"http:\/\/vannerie.com\/pro\/wp-content\/uploads\/sites\/4\/2023\/03\/1003_201601141207261003-2.jpg\" \/>\n\t<meta property=\"og:image:width\" content=\"201\" \/>\n\t<meta property=\"og:image:height\" content=\"370\" \/>\n\t<meta property=\"og:image:type\" content=\"image\/jpeg\" \/>\n<meta name=\"twitter:card\" content=\"summary_large_image\" \/>\n<meta name=\"twitter:label1\" content=\"Dur\u00e9e de lecture estim\u00e9e\" \/>\n\t<meta name=\"twitter:data1\" content=\"1 minute\" \/>\n<script type=\"application\/ld+json\" class=\"yoast-schema-graph\">{\"@context\":\"https:\/\/schema.org\",\"@graph\":[{\"@type\":\"WebPage\",\"@id\":\"http:\/\/vannerie.com\/pro\/boutique\/professionnel\/boulangerie-traditionnelle\/mobilier\/meuble-boulangerie-2-a-3-elements\/\",\"url\":\"http:\/\/vannerie.com\/pro\/boutique\/professionnel\/boulangerie-traditionnelle\/mobilier\/meuble-boulangerie-2-a-3-elements\/\",\"name\":\"Meuble Boulangerie 2 \u00e0 3 \u00e9lements - Vannerie Pro\",\"isPartOf\":{\"@id\":\"http:\/\/vannerie.com\/pro\/#website\"},\"primaryImageOfPage\":{\"@id\":\"http:\/\/vannerie.com\/pro\/boutique\/professionnel\/boulangerie-traditionnelle\/mobilier\/meuble-boulangerie-2-a-3-elements\/#primaryimage\"},\"image\":{\"@id\":\"http:\/\/vannerie.com\/pro\/boutique\/professionnel\/boulangerie-traditionnelle\/mobilier\/meuble-boulangerie-2-a-3-elements\/#primaryimage\"},\"thumbnailUrl\":\"https:\/\/www.vannerie.com\/pro\/wp-content\/uploads\/sites\/4\/2023\/03\/1003_201601141207261003-2.jpg\",\"datePublished\":\"2022-12-19T10:03:26+00:00\",\"dateModified\":\"2023-04-28T07:23:05+00:00\",\"breadcrumb\":{\"@id\":\"http:\/\/vannerie.com\/pro\/boutique\/professionnel\/boulangerie-traditionnelle\/mobilier\/meuble-boulangerie-2-a-3-elements\/#breadcrumb\"},\"inLanguage\":\"fr-FR\",\"potentialAction\":[{\"@type\":\"ReadAction\",\"target\":[\"http:\/\/vannerie.com\/pro\/boutique\/professionnel\/boulangerie-traditionnelle\/mobilier\/meuble-boulangerie-2-a-3-elements\/\"]}]},{\"@type\":\"ImageObject\",\"inLanguage\":\"fr-FR\",\"@id\":\"http:\/\/vannerie.com\/pro\/boutique\/professionnel\/boulangerie-traditionnelle\/mobilier\/meuble-boulangerie-2-a-3-elements\/#primaryimage\",\"url\":\"https:\/\/www.vannerie.com\/pro\/wp-content\/uploads\/sites\/4\/2023\/03\/1003_201601141207261003-2.jpg\",\"contentUrl\":\"https:\/\/www.vannerie.com\/pro\/wp-content\/uploads\/sites\/4\/2023\/03\/1003_201601141207261003-2.jpg\",\"width\":201,\"height\":370},{\"@type\":\"BreadcrumbList\",\"@id\":\"http:\/\/vannerie.com\/pro\/boutique\/professionnel\/boulangerie-traditionnelle\/mobilier\/meuble-boulangerie-2-a-3-elements\/#breadcrumb\",\"itemListElement\":[{\"@type\":\"ListItem\",\"position\":1,\"name\":\"Accueil\",\"item\":\"http:\/\/vannerie.com\/pro\/\"},{\"@type\":\"ListItem\",\"position\":2,\"name\":\"Boutique\",\"item\":\"http:\/\/vannerie.com\/pro\/boutique\/\"},{\"@type\":\"ListItem\",\"position\":3,\"name\":\"Meuble Boulangerie 2 \u00e0 3 \u00e9lements\"}]},{\"@type\":\"WebSite\",\"@id\":\"http:\/\/vannerie.com\/pro\/#website\",\"url\":\"http:\/\/vannerie.com\/pro\/\",\"name\":\"Vannerie Pro\",\"description\":\"Un site utilisant Les sites de Vannerie de Villaines-les-Rochers\",\"potentialAction\":[{\"@type\":\"SearchAction\",\"target\":{\"@type\":\"EntryPoint\",\"urlTemplate\":\"http:\/\/vannerie.com\/pro\/?s={search_term_string}\"},\"query-input\":{\"@type\":\"PropertyValueSpecification\",\"valueRequired\":true,\"valueName\":\"search_term_string\"}}],\"inLanguage\":\"fr-FR\"}]}<\/script>\n<!-- \/ Yoast SEO plugin. -->","yoast_head_json":{"title":"Meuble Boulangerie 2 \u00e0 3 \u00e9lements - Vannerie Pro","robots":{"index":"index","follow":"follow","max-snippet":"max-snippet:-1","max-image-preview":"max-image-preview:large","max-video-preview":"max-video-preview:-1"},"canonical":"http:\/\/vannerie.com\/pro\/boutique\/professionnel\/boulangerie-traditionnelle\/mobilier\/meuble-boulangerie-2-a-3-elements\/","og_locale":"fr_FR","og_type":"article","og_title":"Meuble Boulangerie 2 \u00e0 3 \u00e9lements - Vannerie Pro","og_description":"Meuble Boulangerie 2 \u00e0 3 \u00e9l\u00e9ments &#8211; structure en m\u00e9lamin\u00e9 et stratifi\u00e9 avec renfort des montants en acier galva &#8211; \u00c9tag\u00e8res r\u00e9glables en inclinaison et en hauteur &#8211; rebord et bandeau porte \u00e9tiquette en acier galva. Variations disponibles: Dimensions: 114 x 60 x 220. 2 pr\u00e9sentoirs \u00e0 pain debout osier 51x58x65 et 2 corb.\u00e0 pains [&hellip;]","og_url":"http:\/\/vannerie.com\/pro\/boutique\/professionnel\/boulangerie-traditionnelle\/mobilier\/meuble-boulangerie-2-a-3-elements\/","og_site_name":"Vannerie Pro","article_modified_time":"2023-04-28T07:23:05+00:00","og_image":[{"width":201,"height":370,"url":"http:\/\/vannerie.com\/pro\/wp-content\/uploads\/sites\/4\/2023\/03\/1003_201601141207261003-2.jpg","type":"image\/jpeg"}],"twitter_card":"summary_large_image","twitter_misc":{"Dur\u00e9e de lecture estim\u00e9e":"1 minute"},"schema":{"@context":"https:\/\/schema.org","@graph":[{"@type":"WebPage","@id":"http:\/\/vannerie.com\/pro\/boutique\/professionnel\/boulangerie-traditionnelle\/mobilier\/meuble-boulangerie-2-a-3-elements\/","url":"http:\/\/vannerie.com\/pro\/boutique\/professionnel\/boulangerie-traditionnelle\/mobilier\/meuble-boulangerie-2-a-3-elements\/","name":"Meuble Boulangerie 2 \u00e0 3 \u00e9lements - Vannerie Pro","isPartOf":{"@id":"http:\/\/vannerie.com\/pro\/#website"},"primaryImageOfPage":{"@id":"http:\/\/vannerie.com\/pro\/boutique\/professionnel\/boulangerie-traditionnelle\/mobilier\/meuble-boulangerie-2-a-3-elements\/#primaryimage"},"image":{"@id":"http:\/\/vannerie.com\/pro\/boutique\/professionnel\/boulangerie-traditionnelle\/mobilier\/meuble-boulangerie-2-a-3-elements\/#primaryimage"},"thumbnailUrl":"https:\/\/www.vannerie.com\/pro\/wp-content\/uploads\/sites\/4\/2023\/03\/1003_201601141207261003-2.jpg","datePublished":"2022-12-19T10:03:26+00:00","dateModified":"2023-04-28T07:23:05+00:00","breadcrumb":{"@id":"http:\/\/vannerie.com\/pro\/boutique\/professionnel\/boulangerie-traditionnelle\/mobilier\/meuble-boulangerie-2-a-3-elements\/#breadcrumb"},"inLanguage":"fr-FR","potentialAction":[{"@type":"ReadAction","target":["http:\/\/vannerie.com\/pro\/boutique\/professionnel\/boulangerie-traditionnelle\/mobilier\/meuble-boulangerie-2-a-3-elements\/"]}]},{"@type":"ImageObject","inLanguage":"fr-FR","@id":"http:\/\/vannerie.com\/pro\/boutique\/professionnel\/boulangerie-traditionnelle\/mobilier\/meuble-boulangerie-2-a-3-elements\/#primaryimage","url":"https:\/\/www.vannerie.com\/pro\/wp-content\/uploads\/sites\/4\/2023\/03\/1003_201601141207261003-2.jpg","contentUrl":"https:\/\/www.vannerie.com\/pro\/wp-content\/uploads\/sites\/4\/2023\/03\/1003_201601141207261003-2.jpg","width":201,"height":370},{"@type":"BreadcrumbList","@id":"http:\/\/vannerie.com\/pro\/boutique\/professionnel\/boulangerie-traditionnelle\/mobilier\/meuble-boulangerie-2-a-3-elements\/#breadcrumb","itemListElement":[{"@type":"ListItem","position":1,"name":"Accueil","item":"http:\/\/vannerie.com\/pro\/"},{"@type":"ListItem","position":2,"name":"Boutique","item":"http:\/\/vannerie.com\/pro\/boutique\/"},{"@type":"ListItem","position":3,"name":"Meuble Boulangerie 2 \u00e0 3 \u00e9lements"}]},{"@type":"WebSite","@id":"http:\/\/vannerie.com\/pro\/#website","url":"http:\/\/vannerie.com\/pro\/","name":"Vannerie Pro","description":"Un site utilisant Les sites de Vannerie de Villaines-les-Rochers","potentialAction":[{"@type":"SearchAction","target":{"@type":"EntryPoint","urlTemplate":"http:\/\/vannerie.com\/pro\/?s={search_term_string}"},"query-input":{"@type":"PropertyValueSpecification","valueRequired":true,"valueName":"search_term_string"}}],"inLanguage":"fr-FR"}]}},"_links":{"self":[{"href":"https:\/\/www.vannerie.com\/pro\/wp-json\/wp\/v2\/product\/9548","targetHints":{"allow":["GET"]}}],"collection":[{"href":"https:\/\/www.vannerie.com\/pro\/wp-json\/wp\/v2\/product"}],"about":[{"href":"https:\/\/www.vannerie.com\/pro\/wp-json\/wp\/v2\/types\/product"}],"wp:featuredmedia":[{"embeddable":true,"href":"https:\/\/www.vannerie.com\/pro\/wp-json\/wp\/v2\/media\/7262"}],"wp:attachment":[{"href":"https:\/\/www.vannerie.com\/pro\/wp-json\/wp\/v2\/media?parent=9548"}],"wp:term":[{"taxonomy":"product_brand","embeddable":true,"href":"https:\/\/www.vannerie.com\/pro\/wp-json\/wp\/v2\/product_brand?post=9548"},{"taxonomy":"product_cat","embeddable":true,"href":"https:\/\/www.vannerie.com\/pro\/wp-json\/wp\/v2\/product_cat?post=9548"},{"taxonomy":"product_tag","embeddable":true,"href":"https:\/\/www.vannerie.com\/pro\/wp-json\/wp\/v2\/product_tag?post=9548"}],"curies":[{"name":"wp","href":"https:\/\/api.w.org\/{rel}","templated":true}]}}