{"id":10085,"date":"2022-12-19T11:03:25","date_gmt":"2022-12-19T10:03:25","guid":{"rendered":"https:\/\/www.vannerie.com\/pro\/boutique\/non class\u00e9\/fringale-3-elements\/"},"modified":"2023-04-27T17:57:54","modified_gmt":"2023-04-27T15:57:54","slug":"fringale-3-elements","status":"publish","type":"product","link":"https:\/\/www.vannerie.com\/pro\/boutique\/professionnel\/boulangerie-gms\/mobilier-boulangerie-gms\/fringale-3-elements\/","title":{"rendered":"Fringale 3 \u00e9l\u00e9ments"},"content":{"rendered":"<p>5 niveaux de corbeilles, Structure sapin, verni alimentaire, corbeilles en osier naturel &#8211; bandeau de protection<\/p>\n<p>Possibilit\u00e9 d\u2019ajouter:<\/p>\n<ul>\n<li>\u00c9clairage et miroirs<\/li>\n<li>Panneau arri\u00e8re m\u00e9lamin\u00e9<\/li>\n<\/ul>\n<p>Dimensions :<\/p>\n<ul>\n<li>L.189 x P.60 x H.220 cm<\/li>\n<li><span data-sheets-formula-bar-text-style=\"font-size:13px;color:#000000;font-weight:normal;text-decoration:none;font-family:'Arial';font-style:normal;text-decoration-skip-ink:none;\">L.129 x P. 60 x H. 220 cm<\/span><\/li>\n<\/ul>\n","protected":false},"excerpt":{"rendered":"<p>5 niveaux de corbeilles, Structure sapin, verni alimentaire, corbeilles en osier naturel &#8211; bandeau de protection Possibilit\u00e9 d\u2019ajouter: \u00c9clairage et miroirs Panneau arri\u00e8re m\u00e9lamin\u00e9 Dimensions : L.189 x P.60 x H.220 cm L.129 x P. 60 x H. 220 cm<\/p>\n","protected":false},"featured_media":4976,"template":"","meta":{"_acf_changed":false},"product_brand":[],"product_cat":[58,59,42],"product_tag":[],"class_list":{"0":"post-10085","1":"product","2":"type-product","3":"status-publish","4":"has-post-thumbnail","6":"product_cat-boulangerie-gms","7":"product_cat-mobilier-boulangerie-gms","8":"product_cat-professionnel","10":"first","11":"instock","12":"taxable","13":"shipping-taxable","14":"product-type-variable","15":"has-default-attributes"},"acf":[],"yoast_head":"<!-- This site is optimized with the Yoast SEO plugin v26.9 - https:\/\/yoast.com\/product\/yoast-seo-wordpress\/ -->\n<title>Fringale 3 \u00e9l\u00e9ments - Vannerie Pro<\/title>\n<meta name=\"robots\" content=\"index, follow, max-snippet:-1, max-image-preview:large, max-video-preview:-1\" \/>\n<link rel=\"canonical\" href=\"http:\/\/vannerie.com\/pro\/boutique\/professionnel\/boulangerie-gms\/mobilier-boulangerie-gms\/fringale-3-elements\/\" \/>\n<meta property=\"og:locale\" content=\"fr_FR\" \/>\n<meta property=\"og:type\" content=\"article\" \/>\n<meta property=\"og:title\" content=\"Fringale 3 \u00e9l\u00e9ments - Vannerie Pro\" \/>\n<meta property=\"og:description\" content=\"5 niveaux de corbeilles, Structure sapin, verni alimentaire, corbeilles en osier naturel &#8211; bandeau de protection Possibilit\u00e9 d\u2019ajouter: \u00c9clairage et miroirs Panneau arri\u00e8re m\u00e9lamin\u00e9 Dimensions : L.189 x P.60 x H.220 cm L.129 x P. 60 x H. 220 cm\" \/>\n<meta property=\"og:url\" content=\"http:\/\/vannerie.com\/pro\/boutique\/professionnel\/boulangerie-gms\/mobilier-boulangerie-gms\/fringale-3-elements\/\" \/>\n<meta property=\"og:site_name\" content=\"Vannerie Pro\" \/>\n<meta property=\"article:modified_time\" content=\"2023-04-27T15:57:54+00:00\" \/>\n<meta property=\"og:image\" content=\"http:\/\/vannerie.com\/pro\/wp-content\/uploads\/sites\/4\/2023\/02\/497_20160114120704497-2.jpg\" \/>\n\t<meta property=\"og:image:width\" content=\"304\" \/>\n\t<meta property=\"og:image:height\" content=\"370\" \/>\n\t<meta property=\"og:image:type\" content=\"image\/jpeg\" \/>\n<meta name=\"twitter:card\" content=\"summary_large_image\" \/>\n<script type=\"application\/ld+json\" class=\"yoast-schema-graph\">{\"@context\":\"https:\/\/schema.org\",\"@graph\":[{\"@type\":\"WebPage\",\"@id\":\"http:\/\/vannerie.com\/pro\/boutique\/professionnel\/boulangerie-gms\/mobilier-boulangerie-gms\/fringale-3-elements\/\",\"url\":\"http:\/\/vannerie.com\/pro\/boutique\/professionnel\/boulangerie-gms\/mobilier-boulangerie-gms\/fringale-3-elements\/\",\"name\":\"Fringale 3 \u00e9l\u00e9ments - Vannerie Pro\",\"isPartOf\":{\"@id\":\"http:\/\/vannerie.com\/pro\/#website\"},\"primaryImageOfPage\":{\"@id\":\"http:\/\/vannerie.com\/pro\/boutique\/professionnel\/boulangerie-gms\/mobilier-boulangerie-gms\/fringale-3-elements\/#primaryimage\"},\"image\":{\"@id\":\"http:\/\/vannerie.com\/pro\/boutique\/professionnel\/boulangerie-gms\/mobilier-boulangerie-gms\/fringale-3-elements\/#primaryimage\"},\"thumbnailUrl\":\"https:\/\/www.vannerie.com\/pro\/wp-content\/uploads\/sites\/4\/2023\/02\/497_20160114120704497-2.jpg\",\"datePublished\":\"2022-12-19T10:03:25+00:00\",\"dateModified\":\"2023-04-27T15:57:54+00:00\",\"breadcrumb\":{\"@id\":\"http:\/\/vannerie.com\/pro\/boutique\/professionnel\/boulangerie-gms\/mobilier-boulangerie-gms\/fringale-3-elements\/#breadcrumb\"},\"inLanguage\":\"fr-FR\",\"potentialAction\":[{\"@type\":\"ReadAction\",\"target\":[\"http:\/\/vannerie.com\/pro\/boutique\/professionnel\/boulangerie-gms\/mobilier-boulangerie-gms\/fringale-3-elements\/\"]}]},{\"@type\":\"ImageObject\",\"inLanguage\":\"fr-FR\",\"@id\":\"http:\/\/vannerie.com\/pro\/boutique\/professionnel\/boulangerie-gms\/mobilier-boulangerie-gms\/fringale-3-elements\/#primaryimage\",\"url\":\"https:\/\/www.vannerie.com\/pro\/wp-content\/uploads\/sites\/4\/2023\/02\/497_20160114120704497-2.jpg\",\"contentUrl\":\"https:\/\/www.vannerie.com\/pro\/wp-content\/uploads\/sites\/4\/2023\/02\/497_20160114120704497-2.jpg\",\"width\":304,\"height\":370},{\"@type\":\"BreadcrumbList\",\"@id\":\"http:\/\/vannerie.com\/pro\/boutique\/professionnel\/boulangerie-gms\/mobilier-boulangerie-gms\/fringale-3-elements\/#breadcrumb\",\"itemListElement\":[{\"@type\":\"ListItem\",\"position\":1,\"name\":\"Accueil\",\"item\":\"http:\/\/vannerie.com\/pro\/\"},{\"@type\":\"ListItem\",\"position\":2,\"name\":\"Boutique\",\"item\":\"http:\/\/vannerie.com\/pro\/boutique\/\"},{\"@type\":\"ListItem\",\"position\":3,\"name\":\"Fringale 3 \u00e9l\u00e9ments\"}]},{\"@type\":\"WebSite\",\"@id\":\"http:\/\/vannerie.com\/pro\/#website\",\"url\":\"http:\/\/vannerie.com\/pro\/\",\"name\":\"Vannerie Pro\",\"description\":\"Un site utilisant Les sites de Vannerie de Villaines-les-Rochers\",\"potentialAction\":[{\"@type\":\"SearchAction\",\"target\":{\"@type\":\"EntryPoint\",\"urlTemplate\":\"http:\/\/vannerie.com\/pro\/?s={search_term_string}\"},\"query-input\":{\"@type\":\"PropertyValueSpecification\",\"valueRequired\":true,\"valueName\":\"search_term_string\"}}],\"inLanguage\":\"fr-FR\"}]}<\/script>\n<!-- \/ Yoast SEO plugin. -->","yoast_head_json":{"title":"Fringale 3 \u00e9l\u00e9ments - Vannerie Pro","robots":{"index":"index","follow":"follow","max-snippet":"max-snippet:-1","max-image-preview":"max-image-preview:large","max-video-preview":"max-video-preview:-1"},"canonical":"http:\/\/vannerie.com\/pro\/boutique\/professionnel\/boulangerie-gms\/mobilier-boulangerie-gms\/fringale-3-elements\/","og_locale":"fr_FR","og_type":"article","og_title":"Fringale 3 \u00e9l\u00e9ments - Vannerie Pro","og_description":"5 niveaux de corbeilles, Structure sapin, verni alimentaire, corbeilles en osier naturel &#8211; bandeau de protection Possibilit\u00e9 d\u2019ajouter: \u00c9clairage et miroirs Panneau arri\u00e8re m\u00e9lamin\u00e9 Dimensions : L.189 x P.60 x H.220 cm L.129 x P. 60 x H. 220 cm","og_url":"http:\/\/vannerie.com\/pro\/boutique\/professionnel\/boulangerie-gms\/mobilier-boulangerie-gms\/fringale-3-elements\/","og_site_name":"Vannerie Pro","article_modified_time":"2023-04-27T15:57:54+00:00","og_image":[{"width":304,"height":370,"url":"http:\/\/vannerie.com\/pro\/wp-content\/uploads\/sites\/4\/2023\/02\/497_20160114120704497-2.jpg","type":"image\/jpeg"}],"twitter_card":"summary_large_image","schema":{"@context":"https:\/\/schema.org","@graph":[{"@type":"WebPage","@id":"http:\/\/vannerie.com\/pro\/boutique\/professionnel\/boulangerie-gms\/mobilier-boulangerie-gms\/fringale-3-elements\/","url":"http:\/\/vannerie.com\/pro\/boutique\/professionnel\/boulangerie-gms\/mobilier-boulangerie-gms\/fringale-3-elements\/","name":"Fringale 3 \u00e9l\u00e9ments - Vannerie Pro","isPartOf":{"@id":"http:\/\/vannerie.com\/pro\/#website"},"primaryImageOfPage":{"@id":"http:\/\/vannerie.com\/pro\/boutique\/professionnel\/boulangerie-gms\/mobilier-boulangerie-gms\/fringale-3-elements\/#primaryimage"},"image":{"@id":"http:\/\/vannerie.com\/pro\/boutique\/professionnel\/boulangerie-gms\/mobilier-boulangerie-gms\/fringale-3-elements\/#primaryimage"},"thumbnailUrl":"https:\/\/www.vannerie.com\/pro\/wp-content\/uploads\/sites\/4\/2023\/02\/497_20160114120704497-2.jpg","datePublished":"2022-12-19T10:03:25+00:00","dateModified":"2023-04-27T15:57:54+00:00","breadcrumb":{"@id":"http:\/\/vannerie.com\/pro\/boutique\/professionnel\/boulangerie-gms\/mobilier-boulangerie-gms\/fringale-3-elements\/#breadcrumb"},"inLanguage":"fr-FR","potentialAction":[{"@type":"ReadAction","target":["http:\/\/vannerie.com\/pro\/boutique\/professionnel\/boulangerie-gms\/mobilier-boulangerie-gms\/fringale-3-elements\/"]}]},{"@type":"ImageObject","inLanguage":"fr-FR","@id":"http:\/\/vannerie.com\/pro\/boutique\/professionnel\/boulangerie-gms\/mobilier-boulangerie-gms\/fringale-3-elements\/#primaryimage","url":"https:\/\/www.vannerie.com\/pro\/wp-content\/uploads\/sites\/4\/2023\/02\/497_20160114120704497-2.jpg","contentUrl":"https:\/\/www.vannerie.com\/pro\/wp-content\/uploads\/sites\/4\/2023\/02\/497_20160114120704497-2.jpg","width":304,"height":370},{"@type":"BreadcrumbList","@id":"http:\/\/vannerie.com\/pro\/boutique\/professionnel\/boulangerie-gms\/mobilier-boulangerie-gms\/fringale-3-elements\/#breadcrumb","itemListElement":[{"@type":"ListItem","position":1,"name":"Accueil","item":"http:\/\/vannerie.com\/pro\/"},{"@type":"ListItem","position":2,"name":"Boutique","item":"http:\/\/vannerie.com\/pro\/boutique\/"},{"@type":"ListItem","position":3,"name":"Fringale 3 \u00e9l\u00e9ments"}]},{"@type":"WebSite","@id":"http:\/\/vannerie.com\/pro\/#website","url":"http:\/\/vannerie.com\/pro\/","name":"Vannerie Pro","description":"Un site utilisant Les sites de Vannerie de Villaines-les-Rochers","potentialAction":[{"@type":"SearchAction","target":{"@type":"EntryPoint","urlTemplate":"http:\/\/vannerie.com\/pro\/?s={search_term_string}"},"query-input":{"@type":"PropertyValueSpecification","valueRequired":true,"valueName":"search_term_string"}}],"inLanguage":"fr-FR"}]}},"_links":{"self":[{"href":"https:\/\/www.vannerie.com\/pro\/wp-json\/wp\/v2\/product\/10085","targetHints":{"allow":["GET"]}}],"collection":[{"href":"https:\/\/www.vannerie.com\/pro\/wp-json\/wp\/v2\/product"}],"about":[{"href":"https:\/\/www.vannerie.com\/pro\/wp-json\/wp\/v2\/types\/product"}],"wp:featuredmedia":[{"embeddable":true,"href":"https:\/\/www.vannerie.com\/pro\/wp-json\/wp\/v2\/media\/4976"}],"wp:attachment":[{"href":"https:\/\/www.vannerie.com\/pro\/wp-json\/wp\/v2\/media?parent=10085"}],"wp:term":[{"taxonomy":"product_brand","embeddable":true,"href":"https:\/\/www.vannerie.com\/pro\/wp-json\/wp\/v2\/product_brand?post=10085"},{"taxonomy":"product_cat","embeddable":true,"href":"https:\/\/www.vannerie.com\/pro\/wp-json\/wp\/v2\/product_cat?post=10085"},{"taxonomy":"product_tag","embeddable":true,"href":"https:\/\/www.vannerie.com\/pro\/wp-json\/wp\/v2\/product_tag?post=10085"}],"curies":[{"name":"wp","href":"https:\/\/api.w.org\/{rel}","templated":true}]}}